{"id":11061,"date":"2023-01-23T09:00:00","date_gmt":"2023-01-23T12:00:00","guid":{"rendered":"https:\/\/ocomerciario.com.br\/w18\/?page_id=11061"},"modified":"2025-01-21T17:38:04","modified_gmt":"2025-01-21T20:38:04","slug":"notas-tecnicas","status":"publish","type":"page","link":"https:\/\/ocomerciario.com.br\/index.php\/notas-tecnicas\/","title":{"rendered":"Notas T\u00e9cnicas"},"content":{"rendered":"\n<p><strong>Ano 2025<\/strong><\/p>\n\n\n\n<p><strong><a href=\"https:\/\/ocomerciario.com.br\/wp-content\/uploads\/2025\/01\/REQUERIMENTO-DE-OPOSICAO-A-CONT-ASSIST-CCT-2024.pdf\" data-type=\"URL\" data-id=\"https:\/\/ocomerciario.com.br\/wp-content\/uploads\/2025\/01\/REQUERIMENTO-DE-OPOSICAO-A-CONT-ASSIST-CCT-2024.pdf\">Nota T\u00e9cnica Orientativa n\u00ba 2909\/2025<\/a><\/strong> &#8211; SECVC oposi\u00e7\u00e3o Contribui\u00e7\u00e3o Assistencial<\/p>\n\n\n\n<p><strong>Ano 2024<\/strong><\/p>\n\n\n\n<p><a href=\"https:\/\/ocomerciario.com.br\/wp-content\/uploads\/2024\/01\/PORTIFOLIO_SECVC_SOCIAL_2024-2.pdf\">Nota T\u00e9cnica Orientativa n.\u00ba 2909\/2024<\/a> \u2014 SECVC oposi\u00e7\u00e3o Contribui\u00e7\u00e3o Assistencial <\/p>\n\n\n\n<p><strong>Ano 2023<\/strong><\/p>\n\n\n\n<p class=\"has-black-color has-text-color\">Nota T\u00e9cnica orientativa N\u00ba 1001\/2023 \u2014 SECVC oposi\u00e7\u00e3o Contribui\u00e7\u00e3o Assistencial<\/p>\n\n\n<p><strong>ANO 2021<\/strong><\/p>\n<p><a href=\"https:\/\/ocomerciario.com.br\/wp-content\/uploads\/2021\/08\/ACORDO-COLETIVO-1.jpeg\">Acordo Coletivo para funcionamento do com\u00e9rcio em hor\u00e1rio reduzido no feriado<\/a><\/p>\n<p><span style=\"color: #333333;\"><b>ANO 2020<\/b><\/span><\/p>\n<p><a href=\"https:\/\/ocomerciario.com.br\/wp-content\/uploads\/2020\/12\/Programa-de-Regularizacao-de-Debitos-de-Contribuicoes-Assistenciais.pdf\">Programa de Regulariza\u00e7\u00e3o de D\u00e9bitos de Contribui\u00e7\u00f5es Assistenciais<\/a><\/p>\n<p><a href=\"https:\/\/ocomerciario.com.br\/wp-content\/uploads\/2020\/05\/NOTA-TECNICA-n\u00ba-0105-2020-13-SALARIO-ACORDO-COLETIVO-EMERGENCIAL-COVID-19.docx\">Nota T\u00e9cnica N\u00ba 0105\/2020<\/a> &#8211; 13\u00ba Sal\u00e1rio (Acordo Coletivo Emergencial &#8211; COVID-19)<\/p>\n<p><a href=\"https:\/\/ocomerciario.com.br\/wp-content\/uploads\/2020\/04\/ACT_ACORDO-COLETIVO-DO-PROGRAMA-EMERGENCIAL-DE-MANUTEN\u00c7\u00c3O-DO-EMPREGO-E-DA-RENDA-1.docx\">Modelo &#8211; Acordo Coletivo\/Individual de Trabalho para redu\u00e7\u00e3o da Jornada de Trabalho e\/ou Suspens\u00e3o do Contrato de Trabalho&nbsp;<\/a><\/p>\n<p><\/p>","protected":false},"excerpt":{"rendered":"<p>Ano 2025 Nota T\u00e9cnica Orientativa n\u00ba 2909\/2025 &#8211; SECVC oposi\u00e7\u00e3o Contribui\u00e7\u00e3o Assistencial Ano 2024 Nota T\u00e9cnica Orientativa n.\u00ba 2909\/2024 \u2014 SECVC oposi\u00e7\u00e3o Contribui\u00e7\u00e3o Assistencial Ano 2023 Nota T\u00e9cnica orientativa N\u00ba 1001\/2023 \u2014 SECVC oposi\u00e7\u00e3o Contribui\u00e7\u00e3o Assistencial ANO 2021 Acordo Coletivo para funcionamento do com\u00e9rcio em hor\u00e1rio reduzido no feriado ANO 2020 Programa de Regulariza\u00e7\u00e3o de [&hellip;]<\/p>\n","protected":false},"author":2,"featured_media":0,"parent":0,"menu_order":0,"comment_status":"closed","ping_status":"closed","template":"","meta":[],"_links":{"self":[{"href":"https:\/\/ocomerciario.com.br\/index.php\/wp-json\/wp\/v2\/pages\/11061"}],"collection":[{"href":"https:\/\/ocomerciario.com.br\/index.php\/wp-json\/wp\/v2\/pages"}],"about":[{"href":"https:\/\/ocomerciario.com.br\/index.php\/wp-json\/wp\/v2\/types\/page"}],"author":[{"embeddable":true,"href":"https:\/\/ocomerciario.com.br\/index.php\/wp-json\/wp\/v2\/users\/2"}],"replies":[{"embeddable":true,"href":"https:\/\/ocomerciario.com.br\/index.php\/wp-json\/wp\/v2\/comments?post=11061"}],"version-history":[{"count":31,"href":"https:\/\/ocomerciario.com.br\/index.php\/wp-json\/wp\/v2\/pages\/11061\/revisions"}],"predecessor-version":[{"id":12939,"href":"https:\/\/ocomerciario.com.br\/index.php\/wp-json\/wp\/v2\/pages\/11061\/revisions\/12939"}],"wp:attachment":[{"href":"https:\/\/ocomerciario.com.br\/index.php\/wp-json\/wp\/v2\/media?parent=11061"}],"curies":[{"name":"wp","href":"https:\/\/api.w.org\/{rel}","templated":true}]}}