{"id":11049,"date":"2018-08-23T15:39:45","date_gmt":"2018-08-23T18:39:45","guid":{"rendered":"https:\/\/ocomerciario.com.br\/w18\/?page_id=11049"},"modified":"2020-09-11T12:14:35","modified_gmt":"2020-09-11T15:14:35","slug":"galeria-de-presidentes","status":"publish","type":"page","link":"https:\/\/ocomerciario.com.br\/index.php\/galeria-de-presidentes\/","title":{"rendered":"Galeria de Presidentes"},"content":{"rendered":"<p><img loading=\"lazy\" class=\"alignnone size-medium wp-image-11050\" src=\"https:\/\/ocomerciario.com.br\/w18\/wp-content\/uploads\/2018\/08\/alcides-248x300-248x300.jpg\" alt=\"\" width=\"248\" height=\"300\" \/><br \/>\n<strong>Alcides Ara\u00fajo Barbosa\u00a0<\/strong><br \/>\nPresidente da Associa\u00e7\u00e3o Profissional dos Empregados do Com\u00e9rcio do Munic\u00edpio de Vit\u00f3ria da Conquista<br \/>\nPer\u00edodo: 1957 a 1961<\/p>\n<p><img loading=\"lazy\" class=\"alignnone size-medium wp-image-11053\" src=\"https:\/\/ocomerciario.com.br\/w18\/wp-content\/uploads\/2018\/08\/santino-248x300-1-248x300.jpg\" alt=\"\" width=\"248\" height=\"300\" \/><br \/>\n<strong>Waldemar Santino Santos\u00a0<\/strong><br \/>\nPresidente na transi\u00e7\u00e3o entre Associa\u00e7\u00e3o Profissional e Sindicato dos Empregados no Com\u00e9rcio de Vit\u00f3ria da Conquista.<br \/>\nPer\u00edodo: 1961 \u00a0(6 meses)<\/p>\n<p><img loading=\"lazy\" class=\"alignnone size-medium wp-image-11050\" src=\"https:\/\/ocomerciario.com.br\/w18\/wp-content\/uploads\/2018\/08\/alcides-248x300-248x300.jpg\" alt=\"\" width=\"248\" height=\"300\" \/><br \/>\n<strong>Alcides Ara\u00fajo Barbosa\u00a0<\/strong><br \/>\nPresidente do Sindicato dos\u00a0Empregados no Com\u00e9rcio de\u00a0Vit\u00f3ria da Conquista<br \/>\nPer\u00edodo:\u00a01961 a 1965<\/p>\n<p><img loading=\"lazy\" class=\"alignnone size-medium wp-image-11052\" src=\"https:\/\/ocomerciario.com.br\/w18\/wp-content\/uploads\/2018\/08\/gilson-248x300-248x300.jpg\" alt=\"\" width=\"248\" height=\"300\" \/><br \/>\n<strong>Gilson Pereira \u00a0Nunes<\/strong><br \/>\nPresidente do Sindicato dos\u00a0Empregados no Com\u00e9rcio de\u00a0Vit\u00f3ria da Conquista<br \/>\nPer\u00edodo:\u00a01965 a 1986<\/p>\n<p><img loading=\"lazy\" class=\"alignnone size-medium wp-image-11051\" src=\"https:\/\/ocomerciario.com.br\/w18\/wp-content\/uploads\/2018\/08\/gilmar-248x300-248x300.jpg\" alt=\"\" width=\"248\" height=\"300\" \/><br \/>\n<strong>Gilmar Dias Ferraz<\/strong><br \/>\nPresidente do Sindicato dos\u00a0Empregados no Com\u00e9rcio de\u00a0Vit\u00f3ria da Conquista<br \/>\nPer\u00edodo: 1986 at\u00e9 junho de 2018<\/p>\n<p><img loading=\"lazy\" class=\"alignnone size-medium wp-image-11054\" src=\"https:\/\/ocomerciario.com.br\/w18\/wp-content\/uploads\/2018\/08\/joirsala-201x300.jpg\" alt=\"\" width=\"201\" height=\"300\" srcset=\"https:\/\/ocomerciario.com.br\/wp-content\/uploads\/2018\/08\/joirsala-201x300.jpg 201w, https:\/\/ocomerciario.com.br\/wp-content\/uploads\/2018\/08\/joirsala-768x1145.jpg 768w, https:\/\/ocomerciario.com.br\/wp-content\/uploads\/2018\/08\/joirsala-687x1024.jpg 687w, https:\/\/ocomerciario.com.br\/wp-content\/uploads\/2018\/08\/joirsala.jpg 1600w\" sizes=\"(max-width: 201px) 100vw, 201px\" \/><br \/>\n<strong>Joir Souza Sala<\/strong><br \/>\nPresidente do Sindicato dos\u00a0Empregados no Com\u00e9rcio de\u00a0Vit\u00f3ria da Conquista<br \/>\nPer\u00edodo: a partir de 7 de junho de 2018<\/p>\n","protected":false},"excerpt":{"rendered":"<p>Alcides Ara\u00fajo Barbosa\u00a0 Presidente da Associa\u00e7\u00e3o Profissional dos Empregados do Com\u00e9rcio do Munic\u00edpio de Vit\u00f3ria da Conquista Per\u00edodo: 1957 a 1961 Waldemar Santino Santos\u00a0 Presidente na transi\u00e7\u00e3o entre Associa\u00e7\u00e3o Profissional e Sindicato dos Empregados no Com\u00e9rcio de Vit\u00f3ria da Conquista. Per\u00edodo: 1961 \u00a0(6 meses) Alcides Ara\u00fajo Barbosa\u00a0 Presidente do Sindicato dos\u00a0Empregados no Com\u00e9rcio de\u00a0Vit\u00f3ria da [&hellip;]<\/p>\n","protected":false},"author":2,"featured_media":0,"parent":0,"menu_order":0,"comment_status":"closed","ping_status":"closed","template":"","meta":[],"_links":{"self":[{"href":"https:\/\/ocomerciario.com.br\/index.php\/wp-json\/wp\/v2\/pages\/11049"}],"collection":[{"href":"https:\/\/ocomerciario.com.br\/index.php\/wp-json\/wp\/v2\/pages"}],"about":[{"href":"https:\/\/ocomerciario.com.br\/index.php\/wp-json\/wp\/v2\/types\/page"}],"author":[{"embeddable":true,"href":"https:\/\/ocomerciario.com.br\/index.php\/wp-json\/wp\/v2\/users\/2"}],"replies":[{"embeddable":true,"href":"https:\/\/ocomerciario.com.br\/index.php\/wp-json\/wp\/v2\/comments?post=11049"}],"version-history":[{"count":1,"href":"https:\/\/ocomerciario.com.br\/index.php\/wp-json\/wp\/v2\/pages\/11049\/revisions"}],"predecessor-version":[{"id":11055,"href":"https:\/\/ocomerciario.com.br\/index.php\/wp-json\/wp\/v2\/pages\/11049\/revisions\/11055"}],"wp:attachment":[{"href":"https:\/\/ocomerciario.com.br\/index.php\/wp-json\/wp\/v2\/media?parent=11049"}],"curies":[{"name":"wp","href":"https:\/\/api.w.org\/{rel}","templated":true}]}}