{"id":11047,"date":"2018-08-23T15:34:40","date_gmt":"2018-08-23T18:34:40","guid":{"rendered":"https:\/\/ocomerciario.com.br\/w18\/?page_id=11047"},"modified":"2018-08-23T15:34:40","modified_gmt":"2018-08-23T18:34:40","slug":"missao-visao-e-valores","status":"publish","type":"page","link":"https:\/\/ocomerciario.com.br\/index.php\/missao-visao-e-valores\/","title":{"rendered":"Miss\u00e3o, Vis\u00e3o e Valores"},"content":{"rendered":"<p><strong>Miss\u00e3o:<\/strong><\/p>\n<p>Gerar resultados e solu\u00e7\u00f5es, dentro da \u00e9tica e legalidade para atender as expectativas dos associados, colaboradores, fornecedores e a comunidade.<\/p>\n<p><strong>Vis\u00e3o:<\/strong><\/p>\n<p>Agregar conhecimentos, visando melhoria cont\u00ednua nos processos internos, na qualidade dos servi\u00e7os e no relacionamento com o trabalhador comerci\u00e1rio.<\/p>\n<p><strong>Valores:<\/strong><\/p>\n<ul>\n<li>Credibilidade;<\/li>\n<li>Comprometimento;<\/li>\n<li>Integridade;<\/li>\n<li>Respeito ao meio ambiente;<\/li>\n<li>Valoriza\u00e7\u00e3o do comerci\u00e1rio;<\/li>\n<li>Valoriza\u00e7\u00e3o da fam\u00edlia.<\/li>\n<\/ul>\n","protected":false},"excerpt":{"rendered":"<p>Miss\u00e3o: Gerar resultados e solu\u00e7\u00f5es, dentro da \u00e9tica e legalidade para atender as expectativas dos associados, colaboradores, fornecedores e a comunidade. Vis\u00e3o: Agregar conhecimentos, visando melhoria cont\u00ednua nos processos internos, na qualidade dos servi\u00e7os e no relacionamento com o trabalhador comerci\u00e1rio. Valores: Credibilidade; Comprometimento; Integridade; Respeito ao meio ambiente; Valoriza\u00e7\u00e3o do comerci\u00e1rio; Valoriza\u00e7\u00e3o da fam\u00edlia.<\/p>\n","protected":false},"author":2,"featured_media":0,"parent":0,"menu_order":0,"comment_status":"closed","ping_status":"closed","template":"","meta":[],"_links":{"self":[{"href":"https:\/\/ocomerciario.com.br\/index.php\/wp-json\/wp\/v2\/pages\/11047"}],"collection":[{"href":"https:\/\/ocomerciario.com.br\/index.php\/wp-json\/wp\/v2\/pages"}],"about":[{"href":"https:\/\/ocomerciario.com.br\/index.php\/wp-json\/wp\/v2\/types\/page"}],"author":[{"embeddable":true,"href":"https:\/\/ocomerciario.com.br\/index.php\/wp-json\/wp\/v2\/users\/2"}],"replies":[{"embeddable":true,"href":"https:\/\/ocomerciario.com.br\/index.php\/wp-json\/wp\/v2\/comments?post=11047"}],"version-history":[{"count":1,"href":"https:\/\/ocomerciario.com.br\/index.php\/wp-json\/wp\/v2\/pages\/11047\/revisions"}],"predecessor-version":[{"id":11048,"href":"https:\/\/ocomerciario.com.br\/index.php\/wp-json\/wp\/v2\/pages\/11047\/revisions\/11048"}],"wp:attachment":[{"href":"https:\/\/ocomerciario.com.br\/index.php\/wp-json\/wp\/v2\/media?parent=11047"}],"curies":[{"name":"wp","href":"https:\/\/api.w.org\/{rel}","templated":true}]}}