{"id":11043,"date":"2018-08-23T15:25:42","date_gmt":"2018-08-23T18:25:42","guid":{"rendered":"https:\/\/ocomerciario.com.br\/w18\/?page_id=11043"},"modified":"2021-07-07T09:41:15","modified_gmt":"2021-07-07T12:41:15","slug":"nossa-historia","status":"publish","type":"page","link":"https:\/\/ocomerciario.com.br\/index.php\/nossa-historia\/","title":{"rendered":"Nossa Hist\u00f3ria"},"content":{"rendered":"<p>O Sindicato dos Empregados no Com\u00e9rcio de Vit\u00f3ria da Conquista foi criado em julho de 1957, ano da primeira reuni\u00e3o da Associa\u00e7\u00e3o Profissional dos Empregados do Com\u00e9rcio do Munic\u00edpio de Vit\u00f3ria da Conquista.<\/p>\n<p>O encontro estabeleceu as delibera\u00e7\u00f5es iniciais do projeto que viria a ser a voz do trabalhador conquistense no cen\u00e1rio estadual e nacional: o Sindicato dos Empregados no Com\u00e9rcio de Vit\u00f3ria da Conquista. O reconhecimento veio em 1961, momento consolidador da representatividade trabalhista comerci\u00e1ria municipal.<\/p>\n<p>Desde ent\u00e3o, s\u00e3o 60 anos de luta para que os direitos do trabalhador do com\u00e9rcio sejam cumpridos, com participa\u00e7\u00e3o ativa em manifesta\u00e7\u00f5es e na concretiza\u00e7\u00e3o de grandes lutas para a categoria, como a regulamenta\u00e7\u00e3o da profiss\u00e3o comerci\u00e1ria e a constru\u00e7\u00e3o de sua sede pr\u00f3pria, considerada a melhor do Norte e Nordeste do Brasil, al\u00e9m de uma grande \u00e1rea recreativa, com campo de futebol, para o trabalhador do com\u00e9rcio e sua fam\u00edlia.<\/p>\n<p>Cinco presidentes j\u00e1 passaram pelo Sindicato: <strong>Alcides Ara\u00fajo Barbosa<\/strong> (1957 a 1965), <strong>Waldemar Santino Santos\u00a0<\/strong>(1961), <strong>Gilson Pereira \u00a0Nunes<\/strong> (1965 a 1986), <strong>Gilmar Dias Ferraz<\/strong> (1986 a 2018) e<strong> Joir Souza Sala<\/strong> (2020).<\/p>\n<p>Desde 1970, s\u00e3o oferecidos aos comerci\u00e1rios associados e suas fam\u00edlias servi\u00e7os m\u00e9dicos nas especialidades de pediatria, cl\u00ednico geral, ginecologia, al\u00e9m de servi\u00e7os odontol\u00f3gicos, homologa\u00e7\u00f5es, atendimentos jur\u00eddicos, e diversos conv\u00eanios com empresas e organiza\u00e7\u00f5es de ensino, sa\u00fade, bem-estar, lazer, utilidades, consumo, que oferecem descontos ao trabalhador do com\u00e9rcio e seus familiares.<\/p>\n","protected":false},"excerpt":{"rendered":"<p>O Sindicato dos Empregados no Com\u00e9rcio de Vit\u00f3ria da Conquista foi criado em julho de 1957, ano da primeira reuni\u00e3o da Associa\u00e7\u00e3o Profissional dos Empregados do Com\u00e9rcio do Munic\u00edpio de Vit\u00f3ria da Conquista. O encontro estabeleceu as delibera\u00e7\u00f5es iniciais do projeto que viria a ser a voz do trabalhador conquistense no cen\u00e1rio estadual e nacional: [&hellip;]<\/p>\n","protected":false},"author":2,"featured_media":0,"parent":0,"menu_order":0,"comment_status":"closed","ping_status":"closed","template":"","meta":[],"_links":{"self":[{"href":"https:\/\/ocomerciario.com.br\/index.php\/wp-json\/wp\/v2\/pages\/11043"}],"collection":[{"href":"https:\/\/ocomerciario.com.br\/index.php\/wp-json\/wp\/v2\/pages"}],"about":[{"href":"https:\/\/ocomerciario.com.br\/index.php\/wp-json\/wp\/v2\/types\/page"}],"author":[{"embeddable":true,"href":"https:\/\/ocomerciario.com.br\/index.php\/wp-json\/wp\/v2\/users\/2"}],"replies":[{"embeddable":true,"href":"https:\/\/ocomerciario.com.br\/index.php\/wp-json\/wp\/v2\/comments?post=11043"}],"version-history":[{"count":5,"href":"https:\/\/ocomerciario.com.br\/index.php\/wp-json\/wp\/v2\/pages\/11043\/revisions"}],"predecessor-version":[{"id":12105,"href":"https:\/\/ocomerciario.com.br\/index.php\/wp-json\/wp\/v2\/pages\/11043\/revisions\/12105"}],"wp:attachment":[{"href":"https:\/\/ocomerciario.com.br\/index.php\/wp-json\/wp\/v2\/media?parent=11043"}],"curies":[{"name":"wp","href":"https:\/\/api.w.org\/{rel}","templated":true}]}}