{"id":11012,"date":"2018-08-09T16:20:07","date_gmt":"2018-08-09T19:20:07","guid":{"rendered":"https:\/\/ocomerciario.com.br\/w18\/?page_id=11012"},"modified":"2026-04-01T11:23:51","modified_gmt":"2026-04-01T14:23:51","slug":"convencoes","status":"publish","type":"page","link":"https:\/\/ocomerciario.com.br\/index.php\/convencoes\/","title":{"rendered":"Conven\u00e7\u00f5es"},"content":{"rendered":"\n<p>A Conven\u00e7\u00e3o Coletiva de Trabalho estabelece as leis acordadas entre os sindicatos \u2014 representantes dos empregados \u2014 e os empregadores. \u00c9 o fruto de negocia\u00e7\u00f5es que visam garantir os direitos e deveres das categorias de trabalhadores.<\/p>\n\n\n<p><!--StartFragment--><\/p>\n\n\n<p><strong>Ano 2026<\/strong><\/p>\n\n\n\n<p class=\"has-black-color has-text-color\"><strong><span style=\"color:#0071a1\" class=\"has-inline-color\"><a href=\"https:\/\/ocomerciario.com.br\/wp-content\/uploads\/2026\/02\/Complete_com_o_Docusign_CCT_-_CONQUISTA_-ASS-2.pdf\">CCT &#8211; Conven\u00e7\u00e3o Coletiva de Trabalho &#8211; SindSuper &#8211; 2026\/2027<\/a><\/span><\/strong> &#8211; em PDF<\/p>\n\n\n\n<p class=\"has-text-color\" style=\"color:#0071a1\"><a href=\"https:\/\/ocomerciario.com.br\/wp-content\/uploads\/2026\/01\/01_-_CONVENCAO_COLETIVA_2026e_2027_-_SECVC_e_SIND_ATACADO_-_TX_FINAL_23-01-26-_atualizado_21_01_2026_assinado_assinado.pdf\"><strong>CCT \u2014 Conven\u00e7\u00e3o Coletiva de Trabalho \u2014 SindAtacado \u2014 2026<\/strong>\/<\/a><strong><a href=\"https:\/\/ocomerciario.com.br\/wp-content\/uploads\/2026\/01\/01_-_CONVENCAO_COLETIVA_2026e_2027_-_SECVC_e_SIND_ATACADO_-_TX_FINAL_23-01-26-_atualizado_21_01_2026.pdf\">2027<\/a> <\/strong>&#8211; em PDF<\/p>\n\n\n\n<p><strong><a href=\"https:\/\/ocomerciario.com.br\/wp-content\/uploads\/2026\/01\/ACORDO_COLETIVO_SHOPPING_CONQUISTA_SUL_2026.pdf\">Acordo Coletivo Conquista Sul 2026<\/a><\/strong> &#8211; em PDF<\/p>\n\n\n\n<p><strong><a href=\"https:\/\/ocomerciario.com.br\/wp-content\/uploads\/2026\/02\/acordo_Havan_2026_assinado.pdf\">Acordo Coletivo HAVAN e SECVC Vit\u00f3ria da Conquista 2026<\/a><\/strong> \u2014 em PDF<\/p>\n\n\n\n<p><strong><a href=\"https:\/\/ocomerciario.com.br\/wp-content\/uploads\/2026\/02\/2026.2027-Vitoria-da-Conquista-ACT.pdf\">Acordo Coletivo CENTAURO e SECVC Vit\u00f3ria da Conquista 2026<\/a><\/strong> \u2014 em PDF<\/p>\n\n\n\n<p><a href=\"https:\/\/ocomerciario.com.br\/wp-content\/uploads\/2026\/04\/Primeiro_Termo_Aditivo_CCT_2026-2027_SECVC_multa1_260324_152334.pdf\"><strong><span style=\"color:#008cff\" class=\"has-inline-color\">Primeiro_Termo_Aditivo_CCT_2026-2027_SECVC_multa1<\/span><\/strong><\/a> &#8211; em PDF<\/p>\n\n\n\n<p><a href=\"https:\/\/ocomerciario.com.br\/wp-content\/uploads\/2026\/01\/Convencao-Coletiva-de-Trabalho-2026-2027-SCVAVC-SECVC.pdf\"><strong>CCT &#8211; Conven\u00e7\u00e3o Coletiva de Trabalho &#8211; Comerci\u00e1rios &#8211; 2026\/2027<\/strong><\/a> &#8211; em PDF<\/p>\n\n\n\n<p><strong>Ano 2025<\/strong><\/p>\n\n\n\n<p><a href=\"https:\/\/ocomerciario.com.br\/wp-content\/uploads\/2025\/03\/ADITIVO_CCT_VITORIA_DA_CONQUISTA_-_25.02.2025.docx.pdf\"><strong>Aditivo CCT Vit\u00f3ria da Conquista &#8211; SindSuper &#8211; 2025<\/strong><\/a> &#8211; em PDF<\/p>\n\n\n\n<p><strong><a href=\"https:\/\/ocomerciario.com.br\/wp-content\/uploads\/2025\/02\/CONVENCAO-COLETIVA-CONQUISTA-2025-ASSINADA.pdf\">CCT \u2014 Conven\u00e7\u00e3o Coletiva de Trabalho \u2014 Sindsuper \u2014 2025<\/a><\/strong> &#8211; em PDF<\/p>\n\n\n\n<p><strong><a href=\"https:\/\/ocomerciario.com.br\/wp-content\/uploads\/2025\/01\/CCT-2024_2025_SIND_ATACADO.pdf\">CCT \u2014 Conven\u00e7\u00e3o Coletiva de Trabalho \u2014 SindAtacado \u2014 2024\/2025<\/a><\/strong> \u2014 em PDF<\/p>\n\n\n\n<p><strong><a href=\"https:\/\/ocomerciario.com.br\/wp-content\/uploads\/2025\/01\/Acordo-Coletivo-Conquista-Sul-2025.pdf\" data-type=\"URL\" data-id=\"https:\/\/ocomerciario.com.br\/wp-content\/uploads\/2025\/01\/Acordo-Coletivo-Conquista-Sul-2025.pdf\">Acordo Coletivo Conquista Sul 2025<\/a><\/strong> &#8211; em PDF<\/p>\n\n\n\n<p><a href=\"https:\/\/ocomerciario.com.br\/wp-content\/uploads\/2025\/01\/TERMO-ADITIVO-A-CONVENCAO-COLETIVA-2024-2025-2.pdf\" data-type=\"URL\" data-id=\"https:\/\/ocomerciario.com.br\/wp-content\/uploads\/2025\/01\/TERMO-ADITIVO-A-CONVENCAO-COLETIVA-2024-2025-2.pdf\"><strong>Termo-Aditivo-a-Conven\u00e7\u00e3o-Coletiva-2024-2025<\/strong><\/a> &#8211; em PDF<\/p>\n\n\n\n<p><strong>Ano 2024<\/strong><\/p>\n\n\n\n<p><a href=\"https:\/\/ocomerciario.com.br\/wp-content\/uploads\/2024\/01\/Convencao_Coletiva_de_Trabalho_2024_Vitoria-da-Conquista-Portifolio_SECVC_2024.pdf\"><strong>CCT \u2014 Conven\u00e7\u00e3o Coletiva de Trabalho \u2014 Sindsuper \u2014 2024\/2025 \u2014 <\/strong><\/a>em PDF<\/p>\n\n\n\n<p><a href=\"https:\/\/ocomerciario.com.br\/wp-content\/uploads\/2024\/01\/Acordo-2024-Secvc-Sincome\u0301rciovc-e-Shop.pdf\"><strong>Acordo Coletivo SECVC Sincom\u00e9rciovc e Shopping Conquista Sul<\/strong><\/a> \u2014 em PDF<\/p>\n\n\n\n<p><strong><a href=\"https:\/\/ocomerciario.com.br\/wp-content\/uploads\/2024\/01\/Acordo-2024-Havan-Vitoria-da-Conquista.pdf\">Acordo Coletivo HAVAN e SECVC Vit\u00f3ria da Conquista 2024<\/a><\/strong> \u2014 em PDF<\/p>\n\n\n\n<p><a href=\"https:\/\/ocomerciario.com.br\/wp-content\/uploads\/2024\/01\/CCT-2024-e-2025-SECVC-e-SINDATACADO_PORTIFOLIO_SECVC_2024.pdf\"><strong>CCT \u2014 Conven\u00e7\u00e3o Coletiva de Trabalho \u2014 SindAtacado \u2014 2024\/2025<\/strong><\/a> \u2014 em PDF<\/p>\n\n\n\n<p><strong><a href=\"https:\/\/ocomerciario.com.br\/wp-content\/uploads\/2024\/01\/CCT-2024-E-2O25_SECVC-E-SINCOMERCIOVC_E_PORTIFOLIO_SECVC_SOCIAL.pdf\">CCT \u2014 Conven\u00e7\u00e3o Coletiva de Trabalho \u2014 Comerci\u00e1rios \u2014 2024\/2025<\/a> \u2014 <\/strong>em PDF<\/p>\n\n\n\n<p><strong>Ano 2023<\/strong><\/p>\n\n\n\n<p><a href=\"https:\/\/ocomerciario.com.br\/wp-content\/uploads\/2023\/01\/Aditivo-CCT-2022-2023-SECVC-e-SINCOM.pdf\"><strong>Aditivo CCT 2022 &#8211; 2023 SECVC e SINCON<\/strong><\/a> &#8211; em PDF<\/p>\n\n\n\n<p><strong><a href=\"https:\/\/ocomerciario.com.br\/wp-content\/uploads\/2023\/04\/Feriado-01o-de-maio-2023-Vitoria-da-Conquista.docx.pdf\">Acordo Coletivo Lojas Riachuelo<\/a><\/strong> \u2014 em PDF<\/p>\n\n\n\n<p><a href=\"https:\/\/ocomerciario.com.br\/wp-content\/uploads\/2023\/04\/Acordo-domingo-feriado-e-he-Shoping-Co.pdf\"><strong>Termo Aditivo ao Acordo Coletivo 2023 Shopping Conquista Sul<\/strong><\/a>\u2014 em PDF<\/p>\n\n\n\n<p><a href=\"https:\/\/ocomerciario.com.br\/wp-content\/uploads\/2023\/04\/Convenc\u0327a\u0303o-Coletiva-Sindatacado-e-SECVC.pdf\" data-type=\"URL\" data-id=\"https:\/\/ocomerciario.com.br\/wp-content\/uploads\/2023\/04\/Convenc\u0327a\u0303o-Coletiva-Sindatacado-e-SECVC.pdf\"><strong>Conven\u00e7\u00e3o Coletiva SINDATACADO 2023<\/strong><\/a> \u2014 em PDF<\/p>\n\n\n\n<p><a href=\"https:\/\/ocomerciario.com.br\/wp-content\/uploads\/2023\/01\/Acordo-Coletivo-Havan-e-SECVC-Vitoria-Conquista-2023.pdf\"><strong>Acordo Coletivo HAVAN e SECVC Vit\u00f3ria Conquista 2023<\/strong><\/a> \u2014 em PDF<\/p>\n\n\n\n<p><a href=\"https:\/\/ocomerciario.com.br\/wp-content\/uploads\/2023\/01\/Acordo-Coletivo-Havan-e-Secvc-Vitoria-Conquista-2023-Banco-de-Horas.pdf\"><strong>Acordo Coletivo HAVAN e SECVC Vit\u00f3ria Conquista 2023 \u2014 Banco de Horas<\/strong><\/a> \u2014 em PDF<\/p>\n\n\n\n<p><a href=\"https:\/\/ocomerciario.com.br\/wp-content\/uploads\/2023\/01\/Acordo-Coletivo-Shopping-Conquista-Sul.pdf\"><strong>Acordo Coletivo \u2014 Shopping Conquista sul<\/strong> <strong>2023<\/strong><\/a> \u2014 em PDF<\/p>\n\n\n\n<p><a href=\"https:\/\/ocomerciario.com.br\/wp-content\/uploads\/2023\/01\/CCT-Supermecados-2023-SECVC-e-SINDSU.pdf\"><strong>Conven\u00e7\u00e3o Coletiva de Trabalho \u2014 Supermercados e Atacados de Auto Servi\u00e7os \u2014 2023<\/strong><\/a> \u2014 em PDF<\/p>\n\n\n\n<p><strong>Ano 2022<\/strong><\/p>\n\n\n<p><strong><strong><a href=\"https:\/\/ocomerciario.com.br\/wp-content\/uploads\/2022\/01\/CCT-2022-2023-COMERCIARIOS.pdf\">Conven\u00e7\u00e3o Coletiva de Trabalho \u2014 Comerci\u00e1rios \u2014 2022\/2023<\/a><\/strong> \u2014 <\/strong>em PDF<\/p>\n\n\n<p><strong><a href=\"https:\/\/ocomerciario.com.br\/wp-content\/uploads\/2022\/01\/CCT-2022-SECVC-e-SINDSUPER.pdf\">Conven\u00e7\u00e3o Coletiva de Trabalho \u2014 Supermercados e Atacados de Auto-Servi\u00e7os \u2014 2022<\/a><\/strong>&nbsp;\u2014 em PDF<\/p>\n\n\n\n<p><strong><a href=\"https:\/\/ocomerciario.com.br\/wp-content\/uploads\/2022\/01\/CCT-2022-2023-COMERCIARIOS.pdf\">Conven\u00e7\u00e3o Coletiva de Trabalho \u2014 Comerci\u00e1rios \u2014 2022\/2023<\/a> <\/strong>\u2014 em PDF<\/p>\n\n\n\n<p><strong><a href=\"https:\/\/ocomerciario.com.br\/wp-content\/uploads\/2022\/01\/Acordo-Coletivo-SECVC-e-BOULEVARD-SHOPPING.pdf\">Acordo Coletivo para funcionamento do BOULEVARD SHOPPING aos domingos e feriados<\/a><\/strong> \u2014 em PDF<\/p>\n\n\n\n<p><strong><a href=\"https:\/\/ocomerciario.com.br\/wp-content\/uploads\/2022\/01\/Acordo-Coletivo-SECVC-e-SHOPPING-CONQUISTA-SUL.pdf\">Acordo Coletivo para funcionamento do SHOPPING CONQUISTA SUL aos domingos e feriados<\/a><\/strong> \u2014 em PDF<\/p>\n\n\n\n<p><strong>Ano 2021<\/strong><\/p>\n\n\n\n<p><strong><a href=\"https:\/\/ocomerciario.com.br\/wp-content\/uploads\/2021\/05\/QUARTO-TERMO-ADITIVO-CCT-20-21.pdf\">4\u00ba Termo Aditivo Emergencial \u00e0 Conven\u00e7\u00e3o Coletiva de Trabalho 2020\/2021<\/a><\/strong> &#8211; Em PDF <\/p>\n\n\n\n<p><a href=\"https:\/\/ocomerciario.com.br\/wp-content\/uploads\/2021\/04\/acordo-Shoping-Boulevard-2021-SECVC.pdf\"><strong>Acordo Coletivo para funcionamento do BOULEVARD SHOPPING aos domingos e feriados<\/strong><\/a> &#8211; em PDF<\/p>\n\n\n\n<p><a href=\"https:\/\/ocomerciario.com.br\/wp-content\/uploads\/2021\/04\/Acordo-Shopping-Conquista-Sul-2021.pdf\"><strong>Acordo Coletivo para funcionamento do SHOPPING CONQUISTA SUL aos domingos e feriados<\/strong><\/a> &#8211; em PDF<\/p>\n\n\n\n<p><strong><a href=\"https:\/\/ocomerciario.com.br\/wp-content\/uploads\/2021\/02\/TERMO-ADITIVO-DIA-DO-COMERCIARIO.pdf\">Termo Aditivo \u00e0 Conven\u00e7\u00e3o Coletiva de Trabalho 2020\/2021 &#8211; Dia do Comerci\u00e1rio<\/a><\/strong> &#8211; Em PDF <\/p>\n\n\n\n<p><strong><a href=\"https:\/\/ocomerciario.com.br\/wp-content\/uploads\/2021\/01\/TERMO-ADITIVO-CCT-2021-NOVO.pdf\">Termo Aditivo \u00e0 Conven\u00e7\u00e3o Coletiva de Trabalho 2020\/2021 &#8211; Comerci\u00e1rios<\/a><\/strong><a href=\"http:\/\/Termo Aditivo \u00e0 Conven\u00e7\u00e3o Coletiva 2020-2021.1 (1)\"><strong> &#8211; <\/strong><\/a>em PDF<\/p>\n\n\n\n<p><a href=\"https:\/\/ocomerciario.com.br\/wp-content\/uploads\/2021\/01\/CONVENCAO-CCT-SECVC-e-SINDSUPER-2021-COMPLETA.pdf\"><strong>Conven\u00e7\u00e3o Coletiva de Trabalho &#8211; Supermercados e Atacados de Auto-Servi\u00e7os &#8211; 2021<\/strong><\/a>&nbsp;&#8211; em PDF<\/p>\n\n\n\n<p><strong><a href=\"https:\/\/ocomerciario.com.br\/wp-content\/uploads\/2020\/01\/CCT-COME%CC%81RCIO-VDC-2020-2021_20200116113801.pdf\">Conven\u00e7\u00e3o Coletiva de Trabalho &#8211;  Comerci\u00e1rios &#8211; 2020\/2021<\/a> <\/strong>&#8211; em PDF<\/p>\n\n\n\n<p><strong>Ano:  2020<\/strong><\/p>\n\n\n\n<p><a href=\"https:\/\/ocomerciario.com.br\/wp-content\/uploads\/2020\/05\/Termo-aditivo-III-CCT-2020-Conquista.pdf\">3\u00ba Termo Aditivo Emergencial \u00e0 Conven\u00e7\u00e3o Coletiva de Trabalho 2020\/2021 <\/a>&#8211; em PDF<\/p>\n\n\n\n<p><a href=\"https:\/\/ocomerciario.com.br\/wp-content\/uploads\/2020\/04\/TERMO-ADITIVO-EMERGENCIAL.pdf\">2\u00ba Termo Aditivo Emergencial \u00e0 Conven\u00e7\u00e3o Coletiva de Trabalho 2020\/2021 <\/a>&#8211; em PDF<\/p>\n\n\n\n<p><a href=\"https:\/\/ocomerciario.com.br\/wp-content\/uploads\/2020\/03\/Termo-aditivo-emergencial-a-convenc\u0327a\u0303o-co_20200326135800.pdf\">Termo Aditivo Emergencial \u00e0 Conven\u00e7\u00e3o Coletiva de Trabalho 2020\/2021 <\/a>&#8211; em PDF<\/p>\n\n\n\n<p><a href=\"https:\/\/ocomerciario.com.br\/wp-content\/uploads\/2020\/02\/Termo-aditivo-CCT-2020-Come\u0301rcio_20200226142948.pdf\">Termo Aditivo \u00e0 Conven\u00e7\u00e3o Coletiva de Trabalho &#8211; 2020\/2021<\/a> &#8211; em PDF.<\/p>\n\n\n\n<p><a href=\"https:\/\/ocomerciario.com.br\/wp-content\/uploads\/2020\/02\/CONVEN\u00c7\u00c3O-COLETIVA-DO-TRABALHO-SUPERMERCADOS.pdf\">Conven\u00e7\u00e3o <\/a><a href=\"https:\/\/ocomerciario.com.br\/wp-content\/uploads\/2020\/02\/Termo-aditivo-CCT-2020-Come\u0301rcio_20200226142948.pdf\">Coletiva <\/a><a href=\"https:\/\/ocomerciario.com.br\/wp-content\/uploads\/2020\/02\/CONVEN\u00c7\u00c3O-COLETIVA-DO-TRABALHO-SUPERMERCADOS.pdf\">do Trabalho &#8211; Supermercados e Auto Servi\u00e7os &#8211; 2020<\/a>&nbsp;&#8211; em PDF <\/p>\n\n\n\n<p><a href=\"https:\/\/ocomerciario.com.br\/wp-content\/uploads\/2020\/01\/Comunicado-\u2013-Conven\u00e7\u00e3o-Coletiva-do-Trabalho-Supermercados-e-Auto-Servi\u00e7os-\u2013-2020.pdf\">Comunicado &#8211; Conven\u00e7\u00e3o Coletiva do Trabalho &#8211; Supermercados e Auto Servi\u00e7os &#8211; 2020<\/a>&nbsp;&#8211; em PDF <\/p>\n\n\n\n<p><a href=\"https:\/\/ocomerciario.com.br\/wp-content\/uploads\/2020\/01\/CCT-COME\u0301RCIO-VDC-2020-2021_20200116113801.pdf\">Conven\u00e7\u00e3o Coletiva dos Comerci\u00e1rios de Vit\u00f3ria da Conquista &#8211; 2020<\/a>&nbsp;&#8211; em PDF<\/p>\n\n\n\n<hr class=\"wp-block-separator\"\/>\n\n\n\n<p><strong>ANOS ANTERIORES<\/strong> <\/p>\n\n\n\n<p><strong> 2019<\/strong><\/p>\n\n\n\n<p><a href=\"https:\/\/ocomerciario.com.br\/wp-content\/uploads\/2019\/01\/Conven\u00e7\u00e3o-Coletiva-2019-Comercio.pdf\">Conven\u00e7\u00e3o Coletiva dos Comerci\u00e1rios de Vit\u00f3ria da Conquista &#8211; 2019<\/a>&nbsp;&#8211; em PDF<\/p>\n\n\n\n<p>Conven\u00e7\u00e3o Coletiva dos&nbsp;<a rel=\"noreferrer noopener\" href=\"https:\/\/ocomerciario.com.br\/wp-content\/uploads\/2019\/01\/CCT-2019-supermercados.pdf\" target=\"_blank\"><strong>SUPERMERCADOS E ATACADOS DE AUTO SERVI\u00c7O<\/strong><\/a>&nbsp;\u2013 em PDF<\/p>\n\n\n\n<p>Conven\u00e7\u00e3o Coletiva \u2013&nbsp;<strong><a href=\"https:\/\/ocomerciario.com.br\/wp-content\/uploads\/2019\/03\/ACORDO-CONQUISTA-SUL-2019.pdf\" target=\"_blank\" rel=\"noreferrer noopener\" aria-label=\"FUNCIONAMENTO DO SHOPPING CONQUISTA SUL EM DOMINGOS E FERIADOS (abre em uma nova aba)\">FUNCIONAMENTO DO SHOPPING CONQUISTA SUL EM DOMINGOS E FERIADOS<\/a><\/strong>&nbsp;\u2013 em PDF <\/p>\n\n\n\n<p><strong>2018<\/strong><\/p>\n\n\n\n<p><a href=\"https:\/\/ocomerciario.com.br\/wp-content\/uploads\/2018\/12\/Hor\u00e1rio-Natalino-2018.pdf\">Hor\u00e1rio de Funcionamento<\/a> do Com\u00e9rcio no Per\u00edodo Natalino<\/p>\n\n\n\n<p>Conven\u00e7\u00e3o Coletiva dos&nbsp;<strong><a href=\"https:\/\/ocomerciario.com.br\/wp-content\/uploads\/2019\/08\/supermercados-2018.pdf\" target=\"_blank\" rel=\"noreferrer noopener\" aria-label=\"SUPERMERCADOS E ATACADOS DE AUTO SERVI\u00c7O (abre numa nova aba)\">SUPERMERCADOS E ATACADOS DE AUTO SERVI\u00c7O<\/a><\/strong>&nbsp;\u2013 em PDF<\/p>\n\n\n\n<p>Hor\u00e1rio do Com\u00e9rcio no per\u00edodo de&nbsp;<a href=\"https:\/\/ocomerciario.com.br\/wp-content\/uploads\/2019\/08\/img165-e1528739090200.jpg\" target=\"_blank\" rel=\"noreferrer noopener\" aria-label=\"FESTAS JUNINAS (abre numa nova aba)\">FESTAS JUNINAS<\/a><\/p>\n\n\n\n<p>Hor\u00e1rio de funcionamento do Com\u00e9rcio no dia de&nbsp;<a href=\"https:\/\/ocomerciario.com.br\/wp-content\/uploads\/2019\/08\/img165-e1528739090200.jpg\" target=\"_blank\" rel=\"noreferrer noopener\" aria-label=\" (abre numa nova aba)\">CORPUS CHRISTI<\/a><\/p>\n\n\n\n<p>Hor\u00e1rio de Funcionamento do Com\u00e9rcio no&nbsp;<strong><a href=\"https:\/\/ocomerciario.com.br\/wp-content\/uploads\/2019\/08\/img165-e1528739090200.jpg\" target=\"_blank\" rel=\"noreferrer noopener\" aria-label=\" (abre numa nova aba)\">DIA DAS M\u00c3ES 2018<\/a><\/strong><\/p>\n\n\n\n<p><a href=\"https:\/\/ocomerciario.com.br\/wp-content\/uploads\/2019\/08\/img165-e1528739090200.jpg\" target=\"_blank\" rel=\"noreferrer noopener\" aria-label=\" (abre numa nova aba)\">Conven\u00e7\u00e3o Coletiva dos Comerci\u00e1rios de Vit\u00f3ria da Conquista 2018<\/a>&nbsp;\u2013&nbsp;<strong>COM\u00c9RCIO VAREJISTA E ATACADISTA<\/strong>&nbsp;\u2013&nbsp;em PDF<\/p>\n\n\n\n<p>Conven\u00e7\u00e3o Coletiva \u2013&nbsp;<strong><a href=\"https:\/\/ocomerciario.com.br\/wp-content\/uploads\/2019\/08\/ACORDO-DO-SHOPPING.pdf\" target=\"_blank\" rel=\"noreferrer noopener\" aria-label=\"FUNCIONAMENTO DO SHOPPING CONQUISTA SUL EM DOMINGOS E FERIADOS (abre numa nova aba)\">FUNCIONAMENTO DO SHOPPING CONQUISTA SUL EM DOMINGOS E FERIADOS<\/a><\/strong>&nbsp;\u2013 em PDF<\/p>\n\n\n\n<p><strong>2017<\/strong><\/p>\n\n\n\n<p><a href=\"https:\/\/ocomerciario.com.br\/wp-content\/uploads\/2019\/08\/img010.jpg\" target=\"_blank\" rel=\"noreferrer noopener\">Hor\u00e1rio de funcionamento<\/a>&nbsp;do com\u00e9rcio no per\u00edodo natalino<\/p>\n\n\n\n<p>Conven\u00e7\u00e3o Coletiva \u2013&nbsp;<a href=\"https:\/\/ocomerciario.com.br\/wp-content\/uploads\/2019\/08\/shopp0617.pdf\" target=\"_blank\" rel=\"noreferrer noopener\">FUNCIONAMENTO DO SHOPPING EM DOMINGOS E FERIADOS<\/a><\/p>\n\n\n\n<p>Conven\u00e7\u00e3o Coletiva \u2013&nbsp;<a href=\"https:\/\/ocomerciario.com.br\/wp-content\/uploads\/2019\/08\/img052.jpg\" target=\"_blank\" rel=\"noreferrer noopener\">FUNCIONAMENTO DO COM\u00c9RCIO PARA O DIA DAS M\u00c3ES<\/a><\/p>\n\n\n\n<p><a href=\"https:\/\/ocomerciario.com.br\/downloads\/conv2017.pdf\" target=\"_blank\" rel=\"noreferrer noopener\">Conven\u00e7\u00e3o Coletiva dos Comerci\u00e1rios de Vit\u00f3ria da Conquista 2017<\/a>&nbsp;\u2013&nbsp;<strong>COM\u00c9RCIO VAREJISTA E ATACADISTA<\/strong>&nbsp;\u2013&nbsp;em PDF<\/p>\n\n\n\n<p>Conven\u00e7\u00e3o Coletiva \u2013&nbsp;<a href=\"https:\/\/ocomerciario.com.br\/wp-content\/uploads\/2019\/08\/shop2017.pdf\" target=\"_blank\" rel=\"noreferrer noopener\"><strong>FUNCIONAMENTO DO SHOPPING CONQUISTA SUL EM DOMINGOS E FERIADOS<\/strong><\/a>&nbsp;\u2013 em PDF<\/p>\n\n\n\n<p><a href=\"https:\/\/ocomerciario.com.br\/wp-content\/uploads\/2019\/08\/super17.pdf\">Conven\u00e7\u00e3o Coletiva dos Supermercados<\/a>&nbsp;\u2013&nbsp;<strong>SUPERMERCADOS E ATACADOS DE AUTO &nbsp;SERVI\u00c7O<\/strong>&nbsp;\u2013 em PDF<\/p>\n\n\n\n<p><strong>2016<\/strong><\/p>\n\n\n\n<p><a href=\"https:\/\/comerciarioconquista.com.br\/antigo\/downloads\/natal16.pdf\" target=\"_blank\" rel=\"noreferrer noopener\">Hor\u00e1rio de Funcionamento do Com\u00e9rcio no per\u00edodo Natalino de 2016<\/a><\/p>\n\n\n\n<p><a href=\"https:\/\/ocomerciario.com.br\/downloads\/cc2016.pdf\" target=\"_blank\" rel=\"noreferrer noopener\">Conven\u00e7\u00e3o Coletiva dos Comerci\u00e1rios de Vit\u00f3ria da Conquista 2016<\/a>&nbsp;\u2013&nbsp;<strong>COM\u00c9RCIO VAREJISTA E ATACADISTA<\/strong>&nbsp;\u2013&nbsp;em PDF<\/p>\n\n\n\n<p><a href=\"https:\/\/ocomerciario.com.br\/downloads\/super16a.pdf\" target=\"_blank\" rel=\"noreferrer noopener\">Conven\u00e7\u00e3o Coletiva dos Comerci\u00e1rios&nbsp;<\/a>\u2013&nbsp;<strong>SUPERMERCADOS E ATACADOS DE AUTO SERVI\u00c7O&nbsp;\u2013<\/strong>&nbsp;em&nbsp;PDF<\/p>\n\n\n\n<p>Conven\u00e7\u00e3o Coletiva \u2013&nbsp;<strong><a href=\"https:\/\/ocomerciario.com.br\/downloads\/shop16.pdf\" target=\"_blank\" rel=\"noreferrer noopener\">FUNCIONAMENTO DO SHOPPING CONQUISTA SUL EM DOMINGOS E FERIADOS<\/a><\/strong>&nbsp;\u2013 em PDF<\/p>\n\n\n\n<p><a href=\"https:\/\/ocomerciario.com.br\/wp-content\/uploads\/2019\/08\/ddm16.jpg\" target=\"_blank\" rel=\"noreferrer noopener\">Funcionamento do Com\u00e9rcio<\/a>&nbsp;\u2013&nbsp;<strong>DIA DAS M\u00c3ES<\/strong><\/p>\n\n\n\n<p><a href=\"https:\/\/ocomerciario.com.br\/wp-content\/uploads\/2019\/08\/junino16.jpg\" target=\"_blank\" rel=\"noreferrer noopener\">Funcionamento do Com\u00e9rcio \u2013 FESTAS JUNINAS<\/a><\/p>\n\n\n\n<p><strong>2015<\/strong><\/p>\n\n\n\n<p><a href=\"https:\/\/ocomerciario.com.br\/downloads\/fimshop.pdf\" target=\"_blank\" rel=\"noreferrer noopener\">Acordo de funcionamento do Shopping Conquista Sul nos dias 2 e 3 de janeiro de 2016&nbsp;<\/a>&nbsp;\u2013 em PDF<\/p>\n\n\n\n<p><a href=\"https:\/\/ocomerciario.com.br\/downloads\/fimdeano.pdf\" target=\"_blank\" rel=\"noreferrer noopener\">Acordo de funcionamento do Com\u00e9rcio no m\u00eas de dezembro de 2015<\/a>&nbsp;\u2013 em PDF<\/p>\n\n\n\n<p><a href=\"https:\/\/ocomerciario.com.br\/downloads\/junino15.pdf\" target=\"_blank\" rel=\"noreferrer noopener\">Acordo de funcionamento do Com\u00e9rcio no per\u00edodo junino 2015<\/a>&nbsp;\u2013 em PDF<\/p>\n\n\n\n<p><a href=\"https:\/\/ocomerciario.com.br\/downloads\/conv2015.pdf\" target=\"_blank\" rel=\"noreferrer noopener\">Conven\u00e7\u00e3o Coletiva dos Comerci\u00e1rios de Vit\u00f3ria da Conquista 2015<\/a>&nbsp;\u2013 em PDF<\/p>\n\n\n\n<p><a href=\"https:\/\/ocomerciario.com.br\/downloads\/sup15.pdf\" target=\"_blank\" rel=\"noreferrer noopener\">Conven\u00e7\u00e3o Coletiva dos Comerci\u00e1rios de Vit\u00f3ria da Conquista 2015<\/a>&nbsp;\u2013 SUPERMERCADOS \u2013 em PDF<\/p>\n\n\n\n<p><a href=\"https:\/\/ocomerciario.com.br\/downloads\/shop15fer.pdf\" target=\"_blank\" rel=\"noreferrer noopener\">Conven\u00e7\u00e3o Coletiva dos Comerci\u00e1rios de Vit\u00f3ria da Conquista 2015<\/a>&nbsp;\u2013 Shopping \u2013 em PDF<\/p>\n\n\n\n<p><a href=\"https:\/\/ocomerciario.com.br\/downloads\/docmpt.pdf\" target=\"_blank\" rel=\"noreferrer noopener\">Minist\u00e9rio Publico do Trabalho<\/a>&nbsp;\u2013 em PDF<\/p>\n\n\n\n<p><strong>2014<\/strong><\/p>\n\n\n\n<p><a href=\"https:\/\/www.ocomerciario.com.br\/downloads\/shoppings14.pdf\" target=\"_blank\" rel=\"noreferrer noopener\">Conven\u00e7\u00e3o Coletiva dos Comerci\u00e1rios de Vit\u00f3ria da Conquista 2014<\/a>&nbsp;\u2013 Shopping \u2013 em PDF<\/p>\n\n\n\n<p><a href=\"https:\/\/www.ocomerciario.com.br\/downloads\/conv2014.pdf\">Conven\u00e7\u00e3o Coletiva dos Comerci\u00e1rios de Vit\u00f3ria da Conquista 2014<\/a>&nbsp;\u2013 em PDF<\/p>\n\n\n\n<p><a href=\"https:\/\/www.ocomerciario.com.br\/downloads\/convsup14.pdf\" target=\"_blank\" rel=\"noreferrer noopener\">Conven\u00e7\u00e3o Coletiva dos Comerci\u00e1rios de Vit\u00f3ria da Conquista 2014 \u2013 Supermercados<\/a>&nbsp;\u2013 em PDF<\/p>\n\n\n\n<p>Se voc\u00ea n\u00e3o tem um programa para ler PDF, baixe o seu favorito<\/p>\n\n\n\n<p><a href=\"http:\/\/ardownload.adobe.com\/pub\/adobe\/reader\/win\/9.x\/9.3\/enu\/AdbeRdr930_en_US.exe\" target=\"_blank\" rel=\"noreferrer noopener\">Adobe Reader&nbsp;<\/a><a href=\"http:\/\/cdn01.foxitsoftware.com\/pub\/foxit\/reader\/desktop\/win\/4.x\/4.2\/enu\/FoxitReader42_enu_Setup.exe\" target=\"_blank\" rel=\"noreferrer noopener\">|&nbsp; Foxit Reader<\/a><\/p>\n","protected":false},"excerpt":{"rendered":"<p>A Conven\u00e7\u00e3o Coletiva de Trabalho estabelece as leis acordadas entre os sindicatos \u2014 representantes dos empregados \u2014 e os empregadores. \u00c9 o fruto de negocia\u00e7\u00f5es que visam garantir os direitos e deveres das categorias de trabalhadores. Ano 2026 CCT &#8211; Conven\u00e7\u00e3o Coletiva de Trabalho &#8211; SindSuper &#8211; 2026\/2027 &#8211; em PDF CCT \u2014 Conven\u00e7\u00e3o Coletiva [&hellip;]<\/p>\n","protected":false},"author":2,"featured_media":0,"parent":0,"menu_order":0,"comment_status":"closed","ping_status":"closed","template":"","meta":[],"_links":{"self":[{"href":"https:\/\/ocomerciario.com.br\/index.php\/wp-json\/wp\/v2\/pages\/11012"}],"collection":[{"href":"https:\/\/ocomerciario.com.br\/index.php\/wp-json\/wp\/v2\/pages"}],"about":[{"href":"https:\/\/ocomerciario.com.br\/index.php\/wp-json\/wp\/v2\/types\/page"}],"author":[{"embeddable":true,"href":"https:\/\/ocomerciario.com.br\/index.php\/wp-json\/wp\/v2\/users\/2"}],"replies":[{"embeddable":true,"href":"https:\/\/ocomerciario.com.br\/index.php\/wp-json\/wp\/v2\/comments?post=11012"}],"version-history":[{"count":133,"href":"https:\/\/ocomerciario.com.br\/index.php\/wp-json\/wp\/v2\/pages\/11012\/revisions"}],"predecessor-version":[{"id":13311,"href":"https:\/\/ocomerciario.com.br\/index.php\/wp-json\/wp\/v2\/pages\/11012\/revisions\/13311"}],"wp:attachment":[{"href":"https:\/\/ocomerciario.com.br\/index.php\/wp-json\/wp\/v2\/media?parent=11012"}],"curies":[{"name":"wp","href":"https:\/\/api.w.org\/{rel}","templated":true}]}}